{"id":1085,"date":"2014-07-18T10:29:34","date_gmt":"2014-07-18T10:29:34","guid":{"rendered":"http:\/\/apicona-data.thememount.com\/?page_id=4"},"modified":"2018-11-17T15:33:43","modified_gmt":"2018-11-17T14:33:43","slug":"front-page","status":"publish","type":"page","link":"https:\/\/www.gestimax.net\/ca\/","title":{"rendered":"Gestoria en Reus Gestimax | Asesoramiento Fiscal en Reus | Asesoramiento jur\u00eddico | Informes y estudios | Certificados oficiales | En Reus y en Tarragona"},"content":{"rendered":"<p>[vc_row full_width=&#8221;stretch_row&#8221; bgtype=&#8221;grey&#8221; css=&#8221;.vc_custom_1457081487414{padding-bottom: 70px !important;}&#8221;][vc_column width=&#8221;1\/2&#8243;][vc_single_image image=&#8221;11035&#8243; img_size=&#8221;full&#8221; style=&#8221;vc_box_shadow_3d&#8221;][\/vc_column][vc_column width=&#8221;1\/2&#8243;]<div class=\"tm-element-heading-wrapper tm-heading-inner tm-element-align-left tm-heading-with-separator \">[vc_cta h2=\"BENVINGUT A ASSESSORS EMPRESARIALS GESTIMAX, S.L. \"  h2_google_fonts=\"font_family:Arimo%3Aregular%2Citalic%2C700%2C700italic|font_style:700%20bold%20regular%3A700%3Anormal\"  h4_google_fonts=\"font_family:Lato%3A100%2C100italic%2C300%2C300italic%2Cregular%2Citalic%2C700%2C700italic%2C900%2C900italic|font_style:300%20light%20regular%3A300%3Anormal\"  txt_align=\"left\"  heading_sep=\"yes\"  i_css_animation=\"\" css_animation=\"\"][\/vc_cta]<\/div> <!-- .tm-element-heading-wrapper container --> [vc_column_text]ASSESSORS EMPRESARIALS GESTIMAX, S.L, \u00e9s una assessoria que ofereix el servei integral a les empreses en l&#8217;\u00e0mbit laboral, fiscal i comptable, sigui quina sigui la seva entitat jur\u00eddica (persona f\u00edsica, societats limitades, societats civils, etc.).<\/p>\n<p>Aix\u00ed mateix, oferim tot tipus d&#8217;assessorament legal, laboral i jur\u00eddic a particulars, treballadors i pimes.[\/vc_column_text][vc_row_inner el_class=&#8221;small tm-break-colum-992&#8243;][vc_column_inner width=&#8221;1\/3&#8243;]<div class=\"tm-sbox tm-sbox-iconalign-left none     \">[vc_cta h2=\"Atenci\u00f3 personalitzada i efica\u00e7\"  use_custom_fonts_h2=\"true\"  h2_font_container=\"font_size:15px\"  h2_google_fonts=\"font_family:Lora%3Aregular%2Citalic%2C700%2C700italic|font_style:400%20regular%3A400%3Anormal\"  h4_google_fonts=\"font_family:Lato%3A100%2C100italic%2C300%2C300italic%2Cregular%2Citalic%2C700%2C700italic%2C900%2C900italic|font_style:300%20light%20regular%3A300%3Anormal\"  txt_align=\"left\"  heading_sep=\"no\"  shape=\"none\"  style=\"transparent\"  color=\"grey\"  btn_title=\"Read More\"  btn_style=\"text\"  btn_gradient_color_1=\"turquoise\"  btn_gradient_color_2=\"blue\"  btn_custom_background=\"#ededed\"  btn_custom_text=\"#666\"  btn_outline_custom_color=\"#666\"  btn_outline_custom_hover_background=\"#666\"  btn_outline_custom_hover_text=\"#fff\"  btn_color=\"skincolor\"  btn_size=\"md\"  add_icon=\"left\"  hover=\"none\"  main_icon_type=\"icon\"  i_type=\"linecons\"  i_icon_fontawesome=\"fa fa-thumbs-o-up\"  i_icon_openiconic=\"vc-oi vc-oi-dial\"  i_icon_typicons=\"typcn typcn-adjust-brightness\"  i_icon_entypo=\"entypo-icon entypo-icon-note\"  i_icon_linecons=\"vc_li vc_li-clock\"  i_color=\"skincolor\"  i_background_style=\"none\"  i_background_color=\"grey\"  i_size=\"lg\"  icon_type=\"icon\"  btn_align=\"left\"  i_css_animation=\"\" css_animation=\"\"][\/vc_cta]<\/div>[\/vc_column_inner][vc_column_inner width=&#8221;1\/3&#8243;]<div class=\"tm-sbox tm-sbox-iconalign-left none     \">[vc_cta h2=\"Estem molt a prop seu\"  use_custom_fonts_h2=\"true\"  h2_font_container=\"font_size:15px\"  h2_google_fonts=\"font_family:Lora%3Aregular%2Citalic%2C700%2C700italic|font_style:400%20regular%3A400%3Anormal\"  h4_google_fonts=\"font_family:Lato%3A100%2C100italic%2C300%2C300italic%2Cregular%2Citalic%2C700%2C700italic%2C900%2C900italic|font_style:300%20light%20regular%3A300%3Anormal\"  txt_align=\"left\"  heading_sep=\"no\"  shape=\"none\"  style=\"transparent\"  color=\"grey\"  btn_title=\"Read More\"  btn_style=\"text\"  btn_gradient_color_1=\"turquoise\"  btn_gradient_color_2=\"blue\"  btn_custom_background=\"#ededed\"  btn_custom_text=\"#666\"  btn_outline_custom_color=\"#666\"  btn_outline_custom_hover_background=\"#666\"  btn_outline_custom_hover_text=\"#fff\"  btn_color=\"skincolor\"  btn_size=\"md\"  add_icon=\"left\"  hover=\"none\"  main_icon_type=\"icon\"  i_type=\"linecons\"  i_icon_fontawesome=\"fa fa-thumbs-o-up\"  i_icon_openiconic=\"vc-oi vc-oi-dial\"  i_icon_typicons=\"typcn typcn-adjust-brightness\"  i_icon_entypo=\"entypo-icon entypo-icon-note\"  i_icon_linecons=\"vc_li vc_li-location\"  i_color=\"skincolor\"  i_background_style=\"none\"  i_background_color=\"grey\"  i_size=\"lg\"  icon_type=\"icon\"  btn_align=\"left\"  i_css_animation=\"\" css_animation=\"\"][\/vc_cta]<\/div>[\/vc_column_inner][vc_column_inner width=&#8221;1\/3&#8243;]<div class=\"tm-sbox tm-sbox-iconalign-left none     \">[vc_cta h2=\"Gesti\u00f3 del calendari tributari\"  use_custom_fonts_h2=\"true\"  h2_font_container=\"font_size:15px\"  h2_google_fonts=\"font_family:Lora%3Aregular%2Citalic%2C700%2C700italic|font_style:400%20regular%3A400%3Anormal\"  h4_google_fonts=\"font_family:Lato%3A100%2C100italic%2C300%2C300italic%2Cregular%2Citalic%2C700%2C700italic%2C900%2C900italic|font_style:300%20light%20regular%3A300%3Anormal\"  txt_align=\"left\"  heading_sep=\"no\"  shape=\"none\"  style=\"transparent\"  color=\"grey\"  btn_title=\"Read More\"  btn_style=\"text\"  btn_gradient_color_1=\"turquoise\"  btn_gradient_color_2=\"blue\"  btn_custom_background=\"#ededed\"  btn_custom_text=\"#666\"  btn_outline_custom_color=\"#666\"  btn_outline_custom_hover_background=\"#666\"  btn_outline_custom_hover_text=\"#fff\"  btn_color=\"skincolor\"  btn_size=\"md\"  add_icon=\"left\"  hover=\"none\"  main_icon_type=\"icon\"  i_type=\"linecons\"  i_icon_fontawesome=\"fa fa-thumbs-o-up\"  i_icon_openiconic=\"vc-oi vc-oi-dial\"  i_icon_typicons=\"typcn typcn-adjust-brightness\"  i_icon_entypo=\"entypo-icon entypo-icon-note\"  i_icon_linecons=\"vc_li vc_li-calendar\"  i_color=\"skincolor\"  i_background_style=\"none\"  i_background_color=\"grey\"  i_size=\"lg\"  icon_type=\"icon\"  btn_align=\"left\"  i_css_animation=\"\" css_animation=\"\"][\/vc_cta]<\/div>[\/vc_column_inner][\/vc_row_inner][vc_btn title=&#8221;CONTACTAR&#8221; style=&#8221;outline&#8221; link=&#8221;url:http%3A%2F%2Fgestimax.net%2Fca%2Fcontacta-con-nosotros%2F|||&#8221;][\/vc_column][\/vc_row][vc_row full_width=&#8221;stretch_row&#8221; bgtype=&#8221;skin&#8221; equalheight=&#8221;true&#8221; break_in_responsive_996=&#8221;true&#8221; css=&#8221;.vc_custom_1538768414768{padding-top: 0px !important;padding-bottom: 0px !important;}&#8221;][vc_column width=&#8221;1\/2&#8243; css=&#8221;.vc_custom_1459583527717{background-image: url(http:\/\/digitallaw-data.thememountdemo.com\/wp-content\/uploads\/2014\/07\/rowbg-img1.jpg?id=10751) !important;background-position: center !important;background-repeat: no-repeat !important;background-size: cover !important;}&#8221;][vc_empty_space][vc_empty_space][vc_single_image image=&#8221;11035&#8243; img_size=&#8221;full&#8221; alignment=&#8221;center&#8221; style=&#8221;vc_box_shadow_3d&#8221;][vc_single_image image=&#8221;11036&#8243; img_size=&#8221;full&#8221; style=&#8221;vc_box_shadow_3d&#8221;][\/vc_column][vc_column width=&#8221;1\/2&#8243;][vc_empty_space][vc_empty_space][vc_custom_heading text=&#8221;PER QU\u00c8 ESCOLLIR-NOS?&#8221; font_container=&#8221;tag:h2|font_size:26px|text_align:left|line_height:30px&#8221; google_fonts=&#8221;font_family:Roboto%20Condensed%3A300%2C300italic%2Cregular%2Citalic%2C700%2C700italic|font_style:700%20bold%20regular%3A700%3Anormal&#8221;][vc_custom_heading text=&#8221;La nostra assessoria compta amb m\u00e9s de 20 anys d&#8217;experi\u00e8ncia i est\u00e0 formada per personal titulat i qualificat que posa al servei del client la combinaci\u00f3 entre l&#8217;experi\u00e8ncia professional i les pautes perqu\u00e8 la seva empresa sempre estigui coberta a nivell legal segons el seu perfil i necessitats.<\/p>\n<p>Ens diferenciem de la resta d&#8217;assessories per la rapidesa en el servei i l&#8217;accessibilitat cap als nostres clients, un tracte directe, efica\u00e7 i proper.<\/p>\n<p>Gr\u00e0cies a tot aix\u00f2, ens enorgulleix comptar amb clients que any rere any han dipositat la seva confian\u00e7a en nosaltres<br \/>\n&#8221; font_container=&#8221;tag:p|font_size:17px|text_align:left|line_height:24px&#8221; google_fonts=&#8221;font_family:Roboto%3A100%2C100italic%2C300%2C300italic%2Cregular%2Citalic%2C500%2C500italic%2C700%2C700italic%2C900%2C900italic|font_style:400%20italic%3A400%3Aitalic&#8221; css=&#8221;.vc_custom_1539550526325{margin-bottom: 0px !important;padding-bottom: 30px !important;}&#8221;]<div class=\"tm-sbox tm-sbox-iconalign-left hvr-float-shadow     tm-connected\">[vc_cta h2=\"SERVEI R\u00c0PID I ACCESSIBLE.\"  h2_google_fonts=\"font_family:Arimo%3Aregular%2Citalic%2C700%2C700italic|font_style:700%20bold%20regular%3A700%3Anormal\"  h4_google_fonts=\"font_family:Lato%3A100%2C100italic%2C300%2C300italic%2Cregular%2Citalic%2C700%2C700italic%2C900%2C900italic|font_style:300%20light%20regular%3A300%3Anormal\"  txt_align=\"left\"  heading_sep=\"no\"  shape=\"none\"  style=\"transparent\"  color=\"grey\"  btn_title=\"Read More\"  btn_style=\"text\"  btn_gradient_color_1=\"turquoise\"  btn_gradient_color_2=\"blue\"  btn_custom_background=\"#ededed\"  btn_custom_text=\"#666\"  btn_outline_custom_color=\"#666\"  btn_outline_custom_hover_background=\"#666\"  btn_outline_custom_hover_text=\"#fff\"  btn_color=\"skincolor\"  btn_size=\"md\"  add_icon=\"left\"  hover=\"hvr-float-shadow\"  main_icon_type=\"icon\"  i_type=\"fontawesome\"  i_icon_fontawesome=\"fa fa-fighter-jet\"  i_icon_openiconic=\"vc-oi vc-oi-dial\"  i_icon_typicons=\"typcn typcn-adjust-brightness\"  i_icon_entypo=\"entypo-icon entypo-icon-note\"  i_icon_linecons=\"vc_li vc_li-heart\"  i_color=\"white\"  i_background_style=\"rounded-outline\"  i_background_color=\"white\"  i_size=\"lg\"  icon_type=\"icon\"  btn_align=\"left\"  i_css_animation=\"\" css_animation=\"\"]Adaptem els nostres horaris a les necessitats del client[\/vc_cta]<\/div><div class=\"tm-sbox tm-sbox-iconalign-left hvr-float-shadow     tm-connected\">[vc_cta h2=\"TRACTE DIRECTE I PROPER\"  h2_google_fonts=\"font_family:Arimo%3Aregular%2Citalic%2C700%2C700italic|font_style:700%20bold%20regular%3A700%3Anormal\"  h4_google_fonts=\"font_family:Lato%3A100%2C100italic%2C300%2C300italic%2Cregular%2Citalic%2C700%2C700italic%2C900%2C900italic|font_style:300%20light%20regular%3A300%3Anormal\"  txt_align=\"left\"  heading_sep=\"no\"  shape=\"none\"  style=\"transparent\"  color=\"grey\"  btn_title=\"Read More\"  btn_style=\"text\"  btn_gradient_color_1=\"turquoise\"  btn_gradient_color_2=\"blue\"  btn_custom_background=\"#ededed\"  btn_custom_text=\"#666\"  btn_outline_custom_color=\"#666\"  btn_outline_custom_hover_background=\"#666\"  btn_outline_custom_hover_text=\"#fff\"  btn_color=\"skincolor\"  btn_size=\"md\"  add_icon=\"left\"  hover=\"hvr-float-shadow\"  main_icon_type=\"icon\"  i_type=\"linecons\"  i_icon_fontawesome=\"fa fa-thumbs-o-up\"  i_icon_openiconic=\"vc-oi vc-oi-dial\"  i_icon_typicons=\"typcn typcn-adjust-brightness\"  i_icon_entypo=\"entypo-icon entypo-icon-note\"  i_icon_linecons=\"vc_li vc_li-like\"  i_color=\"white\"  i_background_style=\"rounded-outline\"  i_background_color=\"white\"  i_size=\"lg\"  icon_type=\"icon\"  btn_align=\"left\"  i_css_animation=\"\" css_animation=\"\"]Gr\u00e0cies a una plantilla estable podem oferir un tracte directe i proper als nostres clients, reduint el temps de resposta a les seves peticions.[\/vc_cta]<\/div><div class=\"tm-sbox tm-sbox-iconalign-left hvr-float-shadow     tm-connected\">[vc_cta h2=\"CONFIAN\u00c7A\"  h2_google_fonts=\"font_family:Arimo%3Aregular%2Citalic%2C700%2C700italic|font_style:700%20bold%20regular%3A700%3Anormal\"  h4_google_fonts=\"font_family:Lato%3A100%2C100italic%2C300%2C300italic%2Cregular%2Citalic%2C700%2C700italic%2C900%2C900italic|font_style:300%20light%20regular%3A300%3Anormal\"  txt_align=\"left\"  heading_sep=\"no\"  shape=\"none\"  style=\"transparent\"  color=\"grey\"  btn_title=\"Read More\"  btn_style=\"text\"  btn_gradient_color_1=\"turquoise\"  btn_gradient_color_2=\"blue\"  btn_custom_background=\"#ededed\"  btn_custom_text=\"#666\"  btn_outline_custom_color=\"#666\"  btn_outline_custom_hover_background=\"#666\"  btn_outline_custom_hover_text=\"#fff\"  btn_color=\"skincolor\"  btn_size=\"md\"  add_icon=\"left\"  hover=\"hvr-float-shadow\"  main_icon_type=\"icon\"  i_type=\"fontawesome\"  i_icon_fontawesome=\"fa fa-handshake-o\"  i_icon_openiconic=\"vc-oi vc-oi-dial\"  i_icon_typicons=\"typcn typcn-adjust-brightness\"  i_icon_entypo=\"entypo-icon entypo-icon-note\"  i_icon_linecons=\"vc_li vc_li-heart\"  i_color=\"white\"  i_background_style=\"rounded-outline\"  i_background_color=\"white\"  i_size=\"lg\"  icon_type=\"icon\"  btn_align=\"left\"  i_css_animation=\"\" css_animation=\"\"]La fidelitat dels nostres clients ens confirma la confian\u00e7a que els transmetem a tots els serveis.[\/vc_cta]<\/div>[\/vc_column][\/vc_row]<\/p>\n","protected":false},"excerpt":{"rendered":"<p>[vc_row full_width=&#8221;stretch_row&#8221; bgtype=&#8221;grey&#8221; css=&#8221;.vc_custom_1457081487414{padding-bottom: 70px !important;}&#8221;][vc_column width=&#8221;1\/2&#8243;][vc_single_image image=&#8221;11035&#8243; img_size=&#8221;full&#8221; style=&#8221;vc_box_shadow_3d&#8221;][\/vc_column][vc_column width=&#8221;1\/2&#8243;][vc_column_text]ASSESSORS EMPRESARIALS GESTIMAX, S.L, \u00e9s una assessoria que ofereix el servei integral a les empreses en l&#8217;\u00e0mbit laboral, fiscal i comptable, sigui quina sigui la seva entitat jur\u00eddica (persona f\u00edsica, societats limitades, societats civils, etc.). Aix\u00ed mateix, oferim tot tipus d&#8217;assessorament legal, laboral i jur\u00eddic [&hellip;]<\/p>\n","protected":false},"author":1,"featured_media":0,"parent":0,"menu_order":1,"comment_status":"closed","ping_status":"open","template":"custom-home-page.php","meta":[],"_links":{"self":[{"href":"https:\/\/www.gestimax.net\/ca\/wp-json\/wp\/v2\/pages\/1085"}],"collection":[{"href":"https:\/\/www.gestimax.net\/ca\/wp-json\/wp\/v2\/pages"}],"about":[{"href":"https:\/\/www.gestimax.net\/ca\/wp-json\/wp\/v2\/types\/page"}],"author":[{"embeddable":true,"href":"https:\/\/www.gestimax.net\/ca\/wp-json\/wp\/v2\/users\/1"}],"replies":[{"embeddable":true,"href":"https:\/\/www.gestimax.net\/ca\/wp-json\/wp\/v2\/comments?post=1085"}],"version-history":[{"count":28,"href":"https:\/\/www.gestimax.net\/ca\/wp-json\/wp\/v2\/pages\/1085\/revisions"}],"predecessor-version":[{"id":11161,"href":"https:\/\/www.gestimax.net\/ca\/wp-json\/wp\/v2\/pages\/1085\/revisions\/11161"}],"wp:attachment":[{"href":"https:\/\/www.gestimax.net\/ca\/wp-json\/wp\/v2\/media?parent=1085"}],"curies":[{"name":"wp","href":"https:\/\/api.w.org\/{rel}","templated":true}]}}