{"id":10980,"date":"2018-10-05T23:21:08","date_gmt":"2018-10-05T21:21:08","guid":{"rendered":"http:\/\/gestimax.net\/es\/?page_id=10980"},"modified":"2021-10-13T20:04:15","modified_gmt":"2021-10-13T18:04:15","slug":"nota-legal","status":"publish","type":"page","link":"https:\/\/www.gestimax.net\/ca\/nota-legal\/","title":{"rendered":"Av\u00eds Legal"},"content":{"rendered":"<p style=\"text-align: center;\"><strong>AV\u00cdS LEGAL<br \/>\n<\/strong><\/p>\n<p><strong>DADES IDENTIFICATIVES DEL PRESTADOR DE SERVEIS DE LA SOCIETAT DE LA INFORMACI\u00d3<\/strong><\/p>\n<p>De conformitat amb l\u2019article 10 de la Llei 34\/2002, de 11 de juliol, de \u201cServicios de la Sociedad de la Informaci\u00f3n y Comercio Electr\u00f3nico (LSSI)\u201d, posem al seu coneixement la seg\u00fcent informaci\u00f3:<\/p>\n<p>ASSESSORS EMPRESARIALS GESTIMAX, S.L., [d\u2019ara endavant GESTIMAX], \u00e9s el titular del portal Web gestimax.net, que actua exclusivament com a gestora dels continguts del present portal Web, domiciliada a: Plaza Gandhi, 1 Local 4 &#8211; 43202 REUS, NIF B43697317, Inscrita al Registre Mercantil de Tarragona Tom 1804, Foli 135, Full T2518, Inscripci\u00f3 1\u00aa, \u00e9s l\u2019encarregada de la gesti\u00f3 i funcionament del lloc Web esmentat anteriorment.<\/p>\n<p>Si vol contactar amb nosaltres, pot fer-ho mitjan\u00e7ant correu postal a l\u2019adre\u00e7a esmentada al par\u00e0graf anterior, o b\u00e9 a trav\u00e9s del correu electr\u00f2nic a informacion@gestimax.net<\/p>\n<p><strong>INTRODUCCI\u00d3<\/strong><\/p>\n<p>El present Av\u00eds legal regula l\u00b4\u00fas d\u2019aquesta p\u00e0gina web. L\u2019acc\u00e9s a la web \u00e9s gratu\u00eft excepte en el relatiu al cost de la connexi\u00f3 a trav\u00e9s de la xarxa de telecomunicacions subministrada pel prove\u00efdor d\u2019acc\u00e9s contractat pels usuaris.<\/p>\n<p><strong>ACCEPTACI\u00d3<\/strong><\/p>\n<p>La utilitzaci\u00f3 del Lloc Web atribueix la condici\u00f3 d\u2019Usuari, i implica l\u2019acceptaci\u00f3 plena i sense reserves de totes i cadascuna de les disposicions incloses en aquest Av\u00eds Legal, en la versi\u00f3 publicada per GESTIMAX, en el mateix moment en qu\u00e8 l\u2019Usuari accedeixi a la Web. En conseq\u00fc\u00e8ncia, l\u2019usuari ha de llegir atentament el present Av\u00eds Legal en cadascuna de les ocasions en qu\u00e8 es proposi utilitzar la web, ja que pot sofrir modificacions.<\/p>\n<p><strong>INFORMACI\u00d3 SOBRE ELS VINCLES \u201cLINKS\u201d<\/strong><\/p>\n<p>GESTIMAX no es fa responsable de les webs no pr\u00f2pies o de tercers, a les quals es pot accedir mitjan\u00e7ant vincles \u201clinks\u201d o de qualsevol contingut posat a disposici\u00f3 per tercers.<\/p>\n<p>Qualsevol \u00fas d\u2019un vincle o acc\u00e9s a una Web no pr\u00f2pia \u00e9s realitzat per voluntat i risc exclusiu de l\u2019usuari i GESTIMAX no recomana ni garanteix cap informaci\u00f3 obtinguda a trav\u00e9s d\u2019un vincle ali\u00e8 a la Web de gestimax.net, ni es responsabilitza de cap p\u00e8rdua, reclamaci\u00f3 o perjudici derivada de l\u2019\u00fas o mal \u00fas d\u2019un vincle, o de la informaci\u00f3 obtinguda a trav\u00e9s d\u2019ell, incloent altres vincles o webs, de la interrupci\u00f3 en el servei o en l\u2019acc\u00e9s, o de l\u2019intent d\u2019\u00fas o mal \u00fas d\u2019un vincle, tant en connectar al Lloc Web gestimax.net com a l\u2019accedir a la informaci\u00f3 d\u2019altres webs des del mateix Lloc Web.<\/p>\n<p><strong>REN\u00daNCIA I LIMITACI\u00d3 DE LA RESPONSABILITAT<\/strong><\/p>\n<p>La informaci\u00f3 i serveis inclosos o disponibles a trav\u00e9s de les p\u00e0gines Web poden incloure incorreccions o errors tipogr\u00e0fics. De forma peri\u00f2dica s\u2019incorporen canvis a la informaci\u00f3 continguda. GESTIMAX pot introduir en qualsevol moment millores i\/o canvis en els serveis o continguts.<\/p>\n<p>Tamb\u00e9 s\u2019adverteix que els continguts d\u2019aquesta Web, tenen la finalitat d\u2019informar i mantenir el contacte amb vost\u00e8, enviar-li informaci\u00f3 dels nostres serveis, segons el previst en el present av\u00eds legal i la resta de textos legals del present Lloc Web.<\/p>\n<p><strong>INFORMACI\u00d3 SOBRE L\u2019EXEMPCI\u00d3 DE TOTA RESPONSABILITAT DERIVADA D\u2019UNA FALLADA <\/strong><strong>T\u00c8CNICA I DE CONTINGUT<\/strong><\/p>\n<p>GESTIMAX declina qualsevol responsabilitat en cas que existeixin interrupcions o un mal funcionament dels serveis o continguts oferts a Internet, qualsevol que sigui la seva causa.<\/p>\n<p>Aix\u00ed mateix, GESTIMAX no es fa responsable per caigudes de la xarxa, p\u00e8rdues de negoci a conseq\u00fc\u00e8ncia d\u2019aquestes caigudes, suspensions temporals del fluid el\u00e8ctric o qualsevol altre tipus. GESTIMAX no declara ni garanteix que els serveis o continguts no siguin interromputs o que estiguin lliures d\u2019errors, que els defectes siguin corregits, o que el servei o el servidor que ho posa a disposici\u00f3 estiguin lliures de virus o altres components nocius, sense perjudici que GESTIMAX realitza els seus millors esfor\u00e7os a evitar aquest tipus d\u2019incidents. En cas que l\u2019Usuari prengu\u00e9s determinades decisions o realitz\u00e9s accions amb base a la informaci\u00f3 inclosa en qualsevol dels \u201cwebsites\u201d, es recomana la comprovaci\u00f3 de la informaci\u00f3 rebuda amb altres fonts.<\/p>\n<p><strong>PROPIETAT INTEL\u00b7LECTUAL I INDUSTRIAL ,MARQUES REGISTRADES<\/strong><\/p>\n<p>L\u2019estructura, disseny i forma de presentaci\u00f3 dels elements (gr\u00e0fics, imatges, fitxers logotips, combinacions de colors i qualsevol element susceptible de protecci\u00f3) estan protegits per drets de propietat intel\u00b7lectual, titularitat de GESTIMAX.<\/p>\n<p>Estan prohibides la reproducci\u00f3, la transformaci\u00f3, distribuci\u00f3, comunicaci\u00f3 p\u00fablica, posada a la\u00a0 disposici\u00f3 del p\u00fablic i, en general qualsevol altra forma d\u2019explotaci\u00f3, parcial o total dels elements referits en l\u2019apartat anterior. Aquests actes d\u2019explotaci\u00f3 nom\u00e9s podran ser realitzats en virtut d\u2019autoritzaci\u00f3 expressa de GESTIMAX i que, en tot cas, hauran de fer refer\u00e8ncia expl\u00edcita a la titularitat dels citats drets de propietat intel\u00b7lectual de GESTIMAX.<\/p>\n<p>Nom\u00e9s est\u00e0 autoritzat per a l\u2019\u00fas privat del material documental elaborat per GESTIMAX. En cap cas, podr\u00e1 suprimir, alterar, eludir o manipular qualssevol dispositius de protecci\u00f3 o sistemes de seguretat que puguin estar instal\u00b7lats.<\/p>\n<p>Excepte autoritzaci\u00f3 expressa de GESTIMAX, no es permet l\u2019enlla\u00e7 a \u201cp\u00e0gines finals\u201d, el \u201cframe\u201d i qualsevol altra manipulaci\u00f3 similar. Els enlla\u00e7os han de ser sempre a la p\u00e0gina principal o \u201chome page\u201d gestimax.net.<\/p>\n<p>Els signes distintius (marques, noms comercials) de GESTIMAX, estan protegits per drets de propietat industrial, quedant prohibida la utilitzaci\u00f3 o manipulaci\u00f3 de qualssevol d\u2019aquests, excepte autoritzaci\u00f3 expressa i per escrit de GESTIMAX.<\/p>\n","protected":false},"excerpt":{"rendered":"<p>AV\u00cdS LEGAL DADES IDENTIFICATIVES DEL PRESTADOR DE SERVEIS DE LA SOCIETAT DE LA INFORMACI\u00d3 De conformitat amb l\u2019article 10 de la Llei 34\/2002, de 11 de juliol, de \u201cServicios de la Sociedad de la Informaci\u00f3n y Comercio Electr\u00f3nico (LSSI)\u201d, posem al seu coneixement la seg\u00fcent informaci\u00f3: ASSESSORS EMPRESARIALS GESTIMAX, S.L., [d\u2019ara endavant GESTIMAX], \u00e9s el [&hellip;]<\/p>\n","protected":false},"author":1,"featured_media":0,"parent":0,"menu_order":0,"comment_status":"closed","ping_status":"closed","template":"","meta":[],"_links":{"self":[{"href":"https:\/\/www.gestimax.net\/ca\/wp-json\/wp\/v2\/pages\/10980"}],"collection":[{"href":"https:\/\/www.gestimax.net\/ca\/wp-json\/wp\/v2\/pages"}],"about":[{"href":"https:\/\/www.gestimax.net\/ca\/wp-json\/wp\/v2\/types\/page"}],"author":[{"embeddable":true,"href":"https:\/\/www.gestimax.net\/ca\/wp-json\/wp\/v2\/users\/1"}],"replies":[{"embeddable":true,"href":"https:\/\/www.gestimax.net\/ca\/wp-json\/wp\/v2\/comments?post=10980"}],"version-history":[{"count":13,"href":"https:\/\/www.gestimax.net\/ca\/wp-json\/wp\/v2\/pages\/10980\/revisions"}],"predecessor-version":[{"id":11342,"href":"https:\/\/www.gestimax.net\/ca\/wp-json\/wp\/v2\/pages\/10980\/revisions\/11342"}],"wp:attachment":[{"href":"https:\/\/www.gestimax.net\/ca\/wp-json\/wp\/v2\/media?parent=10980"}],"curies":[{"name":"wp","href":"https:\/\/api.w.org\/{rel}","templated":true}]}}