{"id":11268,"date":"2020-08-10T22:35:33","date_gmt":"2020-08-10T20:35:33","guid":{"rendered":"https:\/\/www.gestimax.net\/ca\/?page_id=11268"},"modified":"2021-10-13T19:52:59","modified_gmt":"2021-10-13T17:52:59","slug":"politica-privacitat","status":"publish","type":"page","link":"https:\/\/www.gestimax.net\/ca\/politica-privacitat\/","title":{"rendered":"Pol\u00edtica de privacitat"},"content":{"rendered":"<p style=\"text-align: center;\"><strong>POL\u00cdTICA DE PRIVACITAT<\/strong><\/p>\n<p><strong>RESPONSABLE<\/strong><\/p>\n<p>De conformitat amb all\u00f2 que estableix el Reglament General (UE) 2016\/679 de Protecci\u00f3 de dades i la Llei Org\u00e0nica 3\/2018 de Protecci\u00f3 de dades personals i garantia dels drets digitals, li informem que les dades personals facilitades a trav\u00e9s dels formularis, aix\u00ed com la seva adre\u00e7a de correu electr\u00f2nic, han estat incloses a un tractament titularitat de ASSESSORS EMPRESARIALS GESTIMAX, S.L., [d\u2019ara endavant GESTIMAX], amb domicili social a la Plaza Gandhi, 1 Local 4 &#8211; 43202 REUS, NIF B43697317, Inscrita al Registre Mercantil de Tarragona Tom 1804, Foli 135, Full T2518, Inscripci\u00f3 1\u00aa, \u00e9s l\u2019encarregada de la gesti\u00f3 i funcionament del lloc Web esmentat anteriorment.<\/p>\n<p>E-mail informacion@gestimax.net, amb la finalitat d\u2019atendre les seves consultes i enviament d\u2019informaci\u00f3 relacionada amb els serveis que ofereix GESTIMAX.<\/p>\n<p>S\u2019informa que les dades poden ser utilitzades per l\u2019enviament de comunicacions comercials, per qualsevol mitj\u00e0, relatius a altres serveis de la nostra empresa que puguin ser del seu inter\u00e8s. Si b\u00e9 podr\u00e0 en qualsevol moment oposar-se a aquest tipus d\u2019enviaments, enviant un correu electr\u00f2nic a l\u2019adre\u00e7a informacion@gestimax.netindicant a l\u2019assumpte \u201cBAIXA DE LA LLISTA DE DISTRIBUCI\u00d3\u201d.<\/p>\n<p>Aix\u00ed mateix, podr\u00e0 exercir els seus drets d\u2019acc\u00e9s, rectificaci\u00f3, supressi\u00f3, oposici\u00f3, portabilitat i limitaci\u00f3, enviant un escrit acompanyat d\u2019una fotoc\u00f2pia del D.N.I a la seg\u00fcent adre\u00e7a : Plaza Gandhi, 1 Local 4 &#8211; 43202 REUS o b\u00e9 enviant-ho per correu electr\u00f2nic a informacion@gestimax.neti acompanyada d\u2019una fotoc\u00f2pia del seu DNI o document acreditatiu equivalent i indicant a l\u2019assumpte \u201cPROTECCI\u00d3 DE DADES\u201d.<\/p>\n<p><strong>POL\u00cdTICA<\/strong><\/p>\n<p>GESTIMAX est\u00e0 especialment sensibilitzada en la protecci\u00f3 de les dades dels usuaris dels serveis als quals s\u2019accedeix a trav\u00e9s del lloc Web. Mitjan\u00e7ant la present Pol\u00edtica de Privacitat s\u2019informa als usuaris de gestimax.net del tractament i usos als quals se sotmeten les dades personals que es recapten en la web mitjan\u00e7ant la informaci\u00f3 addicional, amb la finalitat de que decideixin, lliure i volunt\u00e0riament, si desitgen facilitar la informaci\u00f3 sol\u00b7licitada.<\/p>\n<p><strong>MESURES DE SEGURETAT<\/strong><\/p>\n<p>Finalment s\u2019informa que GESTIMAX, ha adoptat en el sistema d\u2019informaci\u00f3 les mesures t\u00e8cniques i organitzatives adequades, a fi de garantir la seguretat i confidencialitat de les dades emmagatzemades, evitant aix\u00ed, la seva alteraci\u00f3, p\u00e8rdua, tractament o acc\u00e9s no autoritzat; tenint en compte l\u2019estat de la t\u00e8cnica, els costos d\u2019aplicaci\u00f3, i la naturalesa, l\u2019abast, el context i les finalitats del tractament, aix\u00ed com riscos de probabilitat i gravetat variables associades a cadascun dels tractaments.<\/p>\n<p>&nbsp;<\/p>\n<p><strong>DRETS DELS USUARIS<\/strong><\/p>\n<p>L\u2019interessat de les dades personals en tot cas podr\u00e0 exercitar els drets que li assisteixen, d\u2019acord amb el Reglament General de Protecci\u00f3 de Dades i del Llei Org\u00e0nica 3\/2018 de Protecci\u00f3 de dades personals i garantia dels drets digitals, i que s\u00f3n:<\/p>\n<p>A.- El dret d\u2019acc\u00e9s, a exercitar amb periodicitat anual, excepte inter\u00e8s leg\u00edtim acreditat. En exercitar el dret d\u2019acc\u00e9s, l\u2019interessat podr\u00e0 optar pels seg\u00fcents sistemes de consulta del fitxer:<\/p>\n<p>&#8211; l\u2019enviament d\u2019un correu electr\u00f2nic a: informacion@gestimax.net.<\/p>\n<p>&#8211; comunicaci\u00f3 per escrit dirigida a: GESTIMAX, Plaza Gandhi, 1 Local 4 &#8211; 43202 REUS<\/p>\n<p>GESTIMAX procedir\u00e0 a notificar la seva decisi\u00f3 en el termini d\u2019un mes. Si fos en sentit afirmatiu, l\u2019interessat podr\u00e0 accedir a la referida informaci\u00f3 en el termini dels 10 dies seg\u00fcents a la seva notificaci\u00f3.<\/p>\n<p>&nbsp;<\/p>\n<p>B.- Els drets de rectificaci\u00f3 i supressi\u00f3 podran ser exercitats, conformement a les seg\u00fcents previsions, sempre que l\u2019interessat consideri que les dades recollides en els nostres tractaments s\u00f3n inexactes, incomplets, inadequats o excessius. En aquest cas, podr\u00e0 exercitar-los a trav\u00e9s d\u2019algun dels mitjans anteriorment previstos.<\/p>\n<p>GESTIMAX, procedir\u00e0 a la rectificaci\u00f3 o supressi\u00f3 dins dels 10 dies seg\u00fcents al de la recepci\u00f3 de la sol\u00b7licitud.<\/p>\n<p>C.- El dret d\u2019oposici\u00f3 podr\u00e0 ser exercitat, conformement a les seg\u00fcents previsions, sempre que l\u2019interessat vulgui oposar-se al tractament de les seves dades personals tant per si les dades es tracten l\u00edcitament com per inter\u00e8s leg\u00edtim o consentiment relatiu per finalitats publicit\u00e0ries.<\/p>\n<p>D.- El dret de portabilitat podr\u00e0 ser exercitat, conformement a les seg\u00fcents previsions, sempre que l\u2019interessat consideri que les dades recollides en els nostres tractaments, has de ser retornades al titular de les dades, o b\u00e9 a un altre tercer (Encarregat de tractament).<\/p>\n<p>E.- El dret de limitaci\u00f3 del tractament podr\u00e0 ser exercitat, pr\u00e8viament el dret d\u2019oposici\u00f3 al tractament de les seves dades, i que mentre no es resolgui el Dret d\u2019oposici\u00f3, es limiti el tractament de les mateixes.<\/p>\n<p><strong>CANVI DE NORMATIVA<\/strong><\/p>\n<p>GESTIMAX, es reserva el dret de modificar la present pol\u00edtica amb l\u2019objecte d\u2019adaptar-la a les novetats legislatives o jurisprudencials.. Tals canvis seran comunicats amb l\u2019antelaci\u00f3 que sigui necess\u00e0ria a la nostra p\u00e0gina Web, sense perjudici de reclamar el consentiment necessari dels afectats quan aquest no es consider\u00e9s atorgat conformement als termes de la present pol\u00edtica.<\/p>\n<p>Qualsevol dubte, pregunta o comentaris que pogu\u00e9s albergar amb refer\u00e8ncia a la present normativa, no dubti a consultar-les dirigint la seva comunicaci\u00f3 sobre aquest tema a: informacion@gestimax.net.<\/p>\n","protected":false},"excerpt":{"rendered":"<p>POL\u00cdTICA DE PRIVACITAT RESPONSABLE De conformitat amb all\u00f2 que estableix el Reglament General (UE) 2016\/679 de Protecci\u00f3 de dades i la Llei Org\u00e0nica 3\/2018 de Protecci\u00f3 de dades personals i garantia dels drets digitals, li informem que les dades personals facilitades a trav\u00e9s dels formularis, aix\u00ed com la seva adre\u00e7a de correu electr\u00f2nic, han estat [&hellip;]<\/p>\n","protected":false},"author":1,"featured_media":0,"parent":0,"menu_order":0,"comment_status":"closed","ping_status":"closed","template":"","meta":[],"_links":{"self":[{"href":"https:\/\/www.gestimax.net\/ca\/wp-json\/wp\/v2\/pages\/11268"}],"collection":[{"href":"https:\/\/www.gestimax.net\/ca\/wp-json\/wp\/v2\/pages"}],"about":[{"href":"https:\/\/www.gestimax.net\/ca\/wp-json\/wp\/v2\/types\/page"}],"author":[{"embeddable":true,"href":"https:\/\/www.gestimax.net\/ca\/wp-json\/wp\/v2\/users\/1"}],"replies":[{"embeddable":true,"href":"https:\/\/www.gestimax.net\/ca\/wp-json\/wp\/v2\/comments?post=11268"}],"version-history":[{"count":7,"href":"https:\/\/www.gestimax.net\/ca\/wp-json\/wp\/v2\/pages\/11268\/revisions"}],"predecessor-version":[{"id":11333,"href":"https:\/\/www.gestimax.net\/ca\/wp-json\/wp\/v2\/pages\/11268\/revisions\/11333"}],"wp:attachment":[{"href":"https:\/\/www.gestimax.net\/ca\/wp-json\/wp\/v2\/media?parent=11268"}],"curies":[{"name":"wp","href":"https:\/\/api.w.org\/{rel}","templated":true}]}}