{"id":1085,"date":"2014-07-18T10:29:34","date_gmt":"2014-07-18T10:29:34","guid":{"rendered":"http:\/\/apicona-data.thememount.com\/?page_id=4"},"modified":"2018-11-17T15:33:43","modified_gmt":"2018-11-17T14:33:43","slug":"front-page","status":"publish","type":"page","link":"https:\/\/www.gestimax.net\/es\/","title":{"rendered":"Gestoria en Reus Gestimax | Asesoramiento Fiscal en Reus | Asesoramiento jur\u00eddico | Informes y estudios | Certificados oficiales | En Reus y en Tarragona"},"content":{"rendered":"<p>[vc_row full_width=\u00bbstretch_row\u00bb bgtype=\u00bbgrey\u00bb css=\u00bb.vc_custom_1457081487414{padding-bottom: 70px !important;}\u00bb][vc_column width=\u00bb1\/2&#8243;][vc_single_image image=\u00bb11035&#8243; img_size=\u00bbfull\u00bb style=\u00bbvc_box_shadow_3d\u00bb][\/vc_column][vc_column width=\u00bb1\/2&#8243;]<div class=\"tm-element-heading-wrapper tm-heading-inner tm-element-align-left tm-heading-with-separator \">[vc_cta h2=\"BIENVENIDO A ASSESSORS EMPRESARIALS GESTIMAX, S.L. \"  h2_google_fonts=\"font_family:Arimo%3Aregular%2Citalic%2C700%2C700italic|font_style:700%20bold%20regular%3A700%3Anormal\"  h4_google_fonts=\"font_family:Lato%3A100%2C100italic%2C300%2C300italic%2Cregular%2Citalic%2C700%2C700italic%2C900%2C900italic|font_style:300%20light%20regular%3A300%3Anormal\"  txt_align=\"left\"  heading_sep=\"yes\"  i_css_animation=\"\" css_animation=\"\"][\/vc_cta]<\/div> <!-- .tm-element-heading-wrapper container --> [vc_column_text]ASSESSORS EMPRESARIALS GESTIMAX, S.L. es una asesor\u00eda que ofrece el servicio integral a las empresas en el \u00a0\u00e1mbito laboral, fiscal y contable, sea cual sea su entidad jur\u00eddica (persona f\u00edsica, sociedades limitadas, sociedades civiles, etc.).<\/p>\n<p>Asimismo, ofrecemos todo tipo de asesoramiento legal, laboral y jur\u00eddico a particulares, trabajadores y pymes.[\/vc_column_text][vc_row_inner el_class=\u00bbsmall tm-break-colum-992&#8243;][vc_column_inner width=\u00bb1\/3&#8243;]<div class=\"tm-sbox tm-sbox-iconalign-left none     \">[vc_cta h2=\"Atenci\u00f3n personalizada y eficaz\"  use_custom_fonts_h2=\"true\"  h2_font_container=\"font_size:15px\"  h2_google_fonts=\"font_family:Lora%3Aregular%2Citalic%2C700%2C700italic|font_style:400%20regular%3A400%3Anormal\"  h4_google_fonts=\"font_family:Lato%3A100%2C100italic%2C300%2C300italic%2Cregular%2Citalic%2C700%2C700italic%2C900%2C900italic|font_style:300%20light%20regular%3A300%3Anormal\"  txt_align=\"left\"  heading_sep=\"no\"  shape=\"none\"  style=\"transparent\"  color=\"grey\"  btn_title=\"Read More\"  btn_style=\"text\"  btn_gradient_color_1=\"turquoise\"  btn_gradient_color_2=\"blue\"  btn_custom_background=\"#ededed\"  btn_custom_text=\"#666\"  btn_outline_custom_color=\"#666\"  btn_outline_custom_hover_background=\"#666\"  btn_outline_custom_hover_text=\"#fff\"  btn_color=\"skincolor\"  btn_size=\"md\"  add_icon=\"left\"  hover=\"none\"  main_icon_type=\"icon\"  i_type=\"linecons\"  i_icon_fontawesome=\"fa fa-thumbs-o-up\"  i_icon_openiconic=\"vc-oi vc-oi-dial\"  i_icon_typicons=\"typcn typcn-adjust-brightness\"  i_icon_entypo=\"entypo-icon entypo-icon-note\"  i_icon_linecons=\"vc_li vc_li-clock\"  i_color=\"skincolor\"  i_background_style=\"none\"  i_background_color=\"grey\"  i_size=\"lg\"  icon_type=\"icon\"  btn_align=\"left\"  i_css_animation=\"\" css_animation=\"\"][\/vc_cta]<\/div>[\/vc_column_inner][vc_column_inner width=\u00bb1\/3&#8243;]<div class=\"tm-sbox tm-sbox-iconalign-left none     \">[vc_cta h2=\"Estamos muy cerca\"  use_custom_fonts_h2=\"true\"  h2_font_container=\"font_size:15px\"  h2_google_fonts=\"font_family:Lora%3Aregular%2Citalic%2C700%2C700italic|font_style:400%20regular%3A400%3Anormal\"  h4_google_fonts=\"font_family:Lato%3A100%2C100italic%2C300%2C300italic%2Cregular%2Citalic%2C700%2C700italic%2C900%2C900italic|font_style:300%20light%20regular%3A300%3Anormal\"  txt_align=\"left\"  heading_sep=\"no\"  shape=\"none\"  style=\"transparent\"  color=\"grey\"  btn_title=\"Read More\"  btn_style=\"text\"  btn_gradient_color_1=\"turquoise\"  btn_gradient_color_2=\"blue\"  btn_custom_background=\"#ededed\"  btn_custom_text=\"#666\"  btn_outline_custom_color=\"#666\"  btn_outline_custom_hover_background=\"#666\"  btn_outline_custom_hover_text=\"#fff\"  btn_color=\"skincolor\"  btn_size=\"md\"  add_icon=\"left\"  hover=\"none\"  main_icon_type=\"icon\"  i_type=\"linecons\"  i_icon_fontawesome=\"fa fa-thumbs-o-up\"  i_icon_openiconic=\"vc-oi vc-oi-dial\"  i_icon_typicons=\"typcn typcn-adjust-brightness\"  i_icon_entypo=\"entypo-icon entypo-icon-note\"  i_icon_linecons=\"vc_li vc_li-location\"  i_color=\"skincolor\"  i_background_style=\"none\"  i_background_color=\"grey\"  i_size=\"lg\"  icon_type=\"icon\"  btn_align=\"left\"  i_css_animation=\"\" css_animation=\"\"][\/vc_cta]<\/div>[\/vc_column_inner][vc_column_inner width=\u00bb1\/3&#8243;]<div class=\"tm-sbox tm-sbox-iconalign-left none     \">[vc_cta h2=\"Gesti\u00f3n del calendario tributario.\"  use_custom_fonts_h2=\"true\"  h2_font_container=\"font_size:15px\"  h2_google_fonts=\"font_family:Lora%3Aregular%2Citalic%2C700%2C700italic|font_style:400%20regular%3A400%3Anormal\"  h4_google_fonts=\"font_family:Lato%3A100%2C100italic%2C300%2C300italic%2Cregular%2Citalic%2C700%2C700italic%2C900%2C900italic|font_style:300%20light%20regular%3A300%3Anormal\"  txt_align=\"left\"  heading_sep=\"no\"  shape=\"none\"  style=\"transparent\"  color=\"grey\"  btn_title=\"Read More\"  btn_style=\"text\"  btn_gradient_color_1=\"turquoise\"  btn_gradient_color_2=\"blue\"  btn_custom_background=\"#ededed\"  btn_custom_text=\"#666\"  btn_outline_custom_color=\"#666\"  btn_outline_custom_hover_background=\"#666\"  btn_outline_custom_hover_text=\"#fff\"  btn_color=\"skincolor\"  btn_size=\"md\"  add_icon=\"left\"  hover=\"none\"  main_icon_type=\"icon\"  i_type=\"linecons\"  i_icon_fontawesome=\"fa fa-thumbs-o-up\"  i_icon_openiconic=\"vc-oi vc-oi-dial\"  i_icon_typicons=\"typcn typcn-adjust-brightness\"  i_icon_entypo=\"entypo-icon entypo-icon-note\"  i_icon_linecons=\"vc_li vc_li-calendar\"  i_color=\"skincolor\"  i_background_style=\"none\"  i_background_color=\"grey\"  i_size=\"lg\"  icon_type=\"icon\"  btn_align=\"left\"  i_css_animation=\"\" css_animation=\"\"][\/vc_cta]<\/div>[\/vc_column_inner][\/vc_row_inner][vc_btn title=\u00bbCONTACTAR\u00bb style=\u00bboutline\u00bb link=\u00bburl:http%3A%2F%2Fgestimax.net%2Fes%2Fcontacta-con-nosotros%2F|||\u00bb][\/vc_column][\/vc_row][vc_row full_width=\u00bbstretch_row\u00bb bgtype=\u00bbskin\u00bb equalheight=\u00bbtrue\u00bb break_in_responsive_996=\u00bbtrue\u00bb css=\u00bb.vc_custom_1538768414768{padding-top: 0px !important;padding-bottom: 0px !important;}\u00bb][vc_column width=\u00bb1\/2&#8243; css=\u00bb.vc_custom_1459583527717{background-image: url(http:\/\/digitallaw-data.thememountdemo.com\/wp-content\/uploads\/2014\/07\/rowbg-img1.jpg?id=10751) !important;background-position: center !important;background-repeat: no-repeat !important;background-size: cover !important;}\u00bb][vc_empty_space][vc_empty_space][vc_single_image image=\u00bb11035&#8243; img_size=\u00bbfull\u00bb alignment=\u00bbcenter\u00bb style=\u00bbvc_box_shadow_3d\u00bb][vc_single_image image=\u00bb11036&#8243; img_size=\u00bbfull\u00bb style=\u00bbvc_box_shadow_3d\u00bb][\/vc_column][vc_column width=\u00bb1\/2&#8243;][vc_empty_space][vc_empty_space][vc_custom_heading text=\u00bbPOR QUE ESCOGERNOS?\u00bb font_container=\u00bbtag:h2|font_size:26px|text_align:left|line_height:30px\u00bb google_fonts=\u00bbfont_family:Roboto%20Condensed%3A300%2C300italic%2Cregular%2Citalic%2C700%2C700italic|font_style:700%20bold%20regular%3A700%3Anormal\u00bb][vc_custom_heading text=\u00bbNuestra asesor\u00eda cuenta con m\u00e1s de 20 a\u00f1os de experiencia y est\u00e1 formada por personal titulado y cualificado que pone al servicio del cliente la combinaci\u00f3n entre la experiencia profesional y las pautas para que su empresa siempre est\u00e9 cubierta a nivel legal seg\u00fan su perfil y necesidades.<\/p>\n<p>Nos diferenciamos del resto de asesor\u00edas por la rapidez en el servicio y la accesibilidad hacia nuestros clientes, un trato directo, eficaz y pr\u00f3ximo.<\/p>\n<p>Gracias a todo ello nos enorgullece contar con clientes que a\u00f1o tras a\u00f1o han depositado su confianza en nosotros<br \/>\n\u00bb font_container=\u00bbtag:p|font_size:17px|text_align:left|line_height:24px\u00bb google_fonts=\u00bbfont_family:Roboto%3A100%2C100italic%2C300%2C300italic%2Cregular%2Citalic%2C500%2C500italic%2C700%2C700italic%2C900%2C900italic|font_style:400%20italic%3A400%3Aitalic\u00bb css=\u00bb.vc_custom_1539753913761{margin-bottom: 0px !important;padding-bottom: 30px !important;}\u00bb]<div class=\"tm-sbox tm-sbox-iconalign-left hvr-float-shadow     tm-connected\">[vc_cta h2=\"SERVICIO R\u00c1PIDO Y ACCESIBLE.\"  h2_google_fonts=\"font_family:Arimo%3Aregular%2Citalic%2C700%2C700italic|font_style:700%20bold%20regular%3A700%3Anormal\"  h4_google_fonts=\"font_family:Lato%3A100%2C100italic%2C300%2C300italic%2Cregular%2Citalic%2C700%2C700italic%2C900%2C900italic|font_style:300%20light%20regular%3A300%3Anormal\"  txt_align=\"left\"  heading_sep=\"no\"  shape=\"none\"  style=\"transparent\"  color=\"grey\"  btn_title=\"Read More\"  btn_style=\"text\"  btn_gradient_color_1=\"turquoise\"  btn_gradient_color_2=\"blue\"  btn_custom_background=\"#ededed\"  btn_custom_text=\"#666\"  btn_outline_custom_color=\"#666\"  btn_outline_custom_hover_background=\"#666\"  btn_outline_custom_hover_text=\"#fff\"  btn_color=\"skincolor\"  btn_size=\"md\"  add_icon=\"left\"  hover=\"hvr-float-shadow\"  main_icon_type=\"icon\"  i_type=\"fontawesome\"  i_icon_fontawesome=\"fa fa-fighter-jet\"  i_icon_openiconic=\"vc-oi vc-oi-dial\"  i_icon_typicons=\"typcn typcn-adjust-brightness\"  i_icon_entypo=\"entypo-icon entypo-icon-note\"  i_icon_linecons=\"vc_li vc_li-heart\"  i_color=\"white\"  i_background_style=\"rounded-outline\"  i_background_color=\"white\"  i_size=\"lg\"  icon_type=\"icon\"  btn_align=\"left\"  i_css_animation=\"\" css_animation=\"\"]Adaptamos nuestros horarios a las necesidades del cliente[\/vc_cta]<\/div><div class=\"tm-sbox tm-sbox-iconalign-left hvr-float-shadow     tm-connected\">[vc_cta h2=\"TRATO DIRECTO Y PR\u00d3XIMO\"  h2_google_fonts=\"font_family:Arimo%3Aregular%2Citalic%2C700%2C700italic|font_style:700%20bold%20regular%3A700%3Anormal\"  h4_google_fonts=\"font_family:Lato%3A100%2C100italic%2C300%2C300italic%2Cregular%2Citalic%2C700%2C700italic%2C900%2C900italic|font_style:300%20light%20regular%3A300%3Anormal\"  txt_align=\"left\"  heading_sep=\"no\"  shape=\"none\"  style=\"transparent\"  color=\"grey\"  btn_title=\"Read More\"  btn_style=\"text\"  btn_gradient_color_1=\"turquoise\"  btn_gradient_color_2=\"blue\"  btn_custom_background=\"#ededed\"  btn_custom_text=\"#666\"  btn_outline_custom_color=\"#666\"  btn_outline_custom_hover_background=\"#666\"  btn_outline_custom_hover_text=\"#fff\"  btn_color=\"skincolor\"  btn_size=\"md\"  add_icon=\"left\"  hover=\"hvr-float-shadow\"  main_icon_type=\"icon\"  i_type=\"linecons\"  i_icon_fontawesome=\"fa fa-thumbs-o-up\"  i_icon_openiconic=\"vc-oi vc-oi-dial\"  i_icon_typicons=\"typcn typcn-adjust-brightness\"  i_icon_entypo=\"entypo-icon entypo-icon-note\"  i_icon_linecons=\"vc_li vc_li-like\"  i_color=\"white\"  i_background_style=\"rounded-outline\"  i_background_color=\"white\"  i_size=\"lg\"  icon_type=\"icon\"  btn_align=\"left\"  i_css_animation=\"\" css_animation=\"\"]Gracias a una plantilla estable podemos ofrecer un trato directo y pr\u00f3ximo a nuestros clientes, reduciendo el tiempo de respuesta a sus peticiones.[\/vc_cta]<\/div><div class=\"tm-sbox tm-sbox-iconalign-left hvr-float-shadow     tm-connected\">[vc_cta h2=\"CONFIANZA\"  h2_google_fonts=\"font_family:Arimo%3Aregular%2Citalic%2C700%2C700italic|font_style:700%20bold%20regular%3A700%3Anormal\"  h4_google_fonts=\"font_family:Lato%3A100%2C100italic%2C300%2C300italic%2Cregular%2Citalic%2C700%2C700italic%2C900%2C900italic|font_style:300%20light%20regular%3A300%3Anormal\"  txt_align=\"left\"  heading_sep=\"no\"  shape=\"none\"  style=\"transparent\"  color=\"grey\"  btn_title=\"Read More\"  btn_style=\"text\"  btn_gradient_color_1=\"turquoise\"  btn_gradient_color_2=\"blue\"  btn_custom_background=\"#ededed\"  btn_custom_text=\"#666\"  btn_outline_custom_color=\"#666\"  btn_outline_custom_hover_background=\"#666\"  btn_outline_custom_hover_text=\"#fff\"  btn_color=\"skincolor\"  btn_size=\"md\"  add_icon=\"left\"  hover=\"hvr-float-shadow\"  main_icon_type=\"icon\"  i_type=\"fontawesome\"  i_icon_fontawesome=\"fa fa-handshake-o\"  i_icon_openiconic=\"vc-oi vc-oi-dial\"  i_icon_typicons=\"typcn typcn-adjust-brightness\"  i_icon_entypo=\"entypo-icon entypo-icon-note\"  i_icon_linecons=\"vc_li vc_li-heart\"  i_color=\"white\"  i_background_style=\"rounded-outline\"  i_background_color=\"white\"  i_size=\"lg\"  icon_type=\"icon\"  btn_align=\"left\"  i_css_animation=\"\" css_animation=\"\"]La fidelidad de nuestros clientes nos confirma la confianza que les transmitimos en todos los servicios.[\/vc_cta]<\/div>[\/vc_column][\/vc_row]<\/p>\n","protected":false},"excerpt":{"rendered":"<p>[vc_row full_width=\u00bbstretch_row\u00bb bgtype=\u00bbgrey\u00bb css=\u00bb.vc_custom_1457081487414{padding-bottom: 70px !important;}\u00bb][vc_column width=\u00bb1\/2&#8243;][vc_single_image image=\u00bb11035&#8243; img_size=\u00bbfull\u00bb style=\u00bbvc_box_shadow_3d\u00bb][\/vc_column][vc_column width=\u00bb1\/2&#8243;][vc_column_text]ASSESSORS EMPRESARIALS GESTIMAX, S.L. es una asesor\u00eda que ofrece el servicio integral a las empresas en el \u00a0\u00e1mbito laboral, fiscal y contable, sea cual sea su entidad jur\u00eddica (persona f\u00edsica, sociedades limitadas, sociedades civiles, etc.). Asimismo, ofrecemos todo tipo de asesoramiento legal, laboral y jur\u00eddico [&hellip;]<\/p>\n","protected":false},"author":1,"featured_media":0,"parent":0,"menu_order":1,"comment_status":"closed","ping_status":"open","template":"custom-home-page.php","meta":[],"_links":{"self":[{"href":"https:\/\/www.gestimax.net\/es\/wp-json\/wp\/v2\/pages\/1085"}],"collection":[{"href":"https:\/\/www.gestimax.net\/es\/wp-json\/wp\/v2\/pages"}],"about":[{"href":"https:\/\/www.gestimax.net\/es\/wp-json\/wp\/v2\/types\/page"}],"author":[{"embeddable":true,"href":"https:\/\/www.gestimax.net\/es\/wp-json\/wp\/v2\/users\/1"}],"replies":[{"embeddable":true,"href":"https:\/\/www.gestimax.net\/es\/wp-json\/wp\/v2\/comments?post=1085"}],"version-history":[{"count":28,"href":"https:\/\/www.gestimax.net\/es\/wp-json\/wp\/v2\/pages\/1085\/revisions"}],"predecessor-version":[{"id":11161,"href":"https:\/\/www.gestimax.net\/es\/wp-json\/wp\/v2\/pages\/1085\/revisions\/11161"}],"wp:attachment":[{"href":"https:\/\/www.gestimax.net\/es\/wp-json\/wp\/v2\/media?parent=1085"}],"curies":[{"name":"wp","href":"https:\/\/api.w.org\/{rel}","templated":true}]}}