{"id":10980,"date":"2018-10-05T23:21:08","date_gmt":"2018-10-05T21:21:08","guid":{"rendered":"http:\/\/gestimax.net\/es\/?page_id=10980"},"modified":"2021-10-13T20:04:15","modified_gmt":"2021-10-13T18:04:15","slug":"nota-legal","status":"publish","type":"page","link":"https:\/\/www.gestimax.net\/es\/nota-legal\/","title":{"rendered":"Aviso Legal"},"content":{"rendered":"<p style=\"text-align: center;\"><strong>AVISO LEGAL<br \/>\n<\/strong><\/p>\n<p><strong>DATOS IDENTIFICATIVOS DEL PRESTADOR DE SERVICIOS DE LA SOCIEDAD DE LA INFORMACI\u00d3N<\/strong><\/p>\n<p>De conformidad con el art\u00edculo 10 de la Ley 34\/2002, de 11 de julio, de \u201cServicios de la Sociedad de la Informaci\u00f3n y Comercio Electr\u00f3nico (LSSI)\u201d, ponemos en su conocimiento la siguiente informaci\u00f3n:<\/p>\n<p>ASSESSORS EMPRESARIALS GESTIMAX, S.L., [de ahora en adelante GESTIMAX], es el titular del portal Web gestimax.net, que act\u00faa exclusivamente como explotadora, y gestora de los contenidos de los portales Web domiciliada en: Plaza Gandhi, 1 Local 4 &#8211; 43202 REUS, NIF B43697317, Inscrita en el Registro Mercantil de Tarragona Tomo 1804, Folio 135, Hoja T2518, Inscripci\u00f3n 1\u00aa, es la encargada de la explotaci\u00f3n, gesti\u00f3n y funcionamiento del portal Web mencionado anteriormente.<\/p>\n<p>Si quiere contactar con nosotros, puede hacerlo mediante correo postal a la direcci\u00f3n mencionada al p\u00e1rrafo anterior, o bien a trav\u00e9s del correo electr\u00f3nico informacion@gestimax.net.<\/p>\n<p><strong>INTRODUCCI\u00d3N<\/strong><\/p>\n<p>El presente Aviso legal regula el uso de esta p\u00e1gina web. El acceso en la web es gratuito excepto en el relativo al coste de la conexi\u00f3n a trav\u00e9s de la red de telecomunicaciones suministrada por el proveedor de acceso contratado por los usuarios.<\/p>\n<p><strong>ACEPTACI\u00d3N<\/strong><\/p>\n<p>La utilizaci\u00f3n del portal Web atribuye la condici\u00f3n de usuario, e implica la aceptaci\u00f3n total y sin reservas de todas y cada una de las disposiciones incluidas en este Aviso Legal, en la versi\u00f3n publicada para GESTIMAX en el mismo momento en que el usuario acceda a la Web. En consecuencia, el usuario tiene que leer atentamente el presente Aviso Legal en cada una de las ocasiones en que se proponga utilizar la Web, puesto que puede sufrir modificaciones.<\/p>\n<p><strong>INFORMACI\u00d3N SOBRE LOS V\u00cdNCULOS \u201cLINKS\u201d<\/strong><\/p>\n<p>GESTIMAX no se hace responsable de las webs no propias o de terceros, a las cuales se puede acceder mediante v\u00ednculos \u201clinks\u201d o de cualquier contenido puesto a disposici\u00f3n por terceros.<\/p>\n<p>Cualquier uso de un v\u00ednculo o acceso a una Web no propia es realizado por voluntad y riesgo exclusivo del usuario, GESTIMAX no recomienda ni garantiza ninguna informaci\u00f3n obtenida a trav\u00e9s de un v\u00ednculo ajeno a la web de gestimax.net, ni se responsabiliza de ninguna p\u00e9rdida, reclamaci\u00f3n o perjuicio derivada del uso o mal uso de un v\u00ednculo, o de la informaci\u00f3n obtenida a trav\u00e9s de \u00e9l, incluyendo otros v\u00ednculos o webs, de la interrupci\u00f3n en el servicio o en el acceso, o del uso o mal uso de un v\u00ednculo, tanto al conectar al portal Web gestimax.net c\u00f3mo al acceder a la informaci\u00f3n de otras webs desde el mismo portal Web.<\/p>\n<p><strong>REN\u00daNCIA Y LIMITACI\u00d3N DE LA RESPONSABILIDAD<\/strong><\/p>\n<p>La informaci\u00f3n y servicios incluidos o disponibles a trav\u00e9s de las p\u00e1ginas Web pueden incluir incorrecciones o errores tipogr\u00e1ficos. De forma peri\u00f3dica se incorporan cambios a la informaci\u00f3n contenida. GESTIMAX puede introducir en cualquier momento mejoras y\/o cambios en los servicios o contenidos.<\/p>\n<p>Tambi\u00e9n se advierte que los contenidos de esta web tienen la finalidad informativa en cuanto a la oferta de servicios y tarifas, seg\u00fan lo previsto en el presente aviso legal y en el resto de los textos legales del presente portal.<\/p>\n<p><strong>INFORMACI\u00d3N SOBRE LA EXENCI\u00d3N DE TODA RESPONSABILIDAD DERIVADA DE UN FALLO T\u00c9CNICO Y DE CONTENIDO<\/strong><\/p>\n<p>GESTIMAX declina cualquier responsabilidad en caso de que existan interrupciones o un mal funcionamiento de los servicios o contenidos ofrecidos en Internet, cualquiera que sea su causa. As\u00ed mismo, GESTIMAX no se hace responsable de las ca\u00eddas de la red, p\u00e9rdidas de negocio a consecuencia de estas ca\u00eddas, suspensiones temporales del fluido el\u00e9ctrico o cualquiera otro tipo. GESTIMAX no garantiza que los servicios o contenidos no sean interrumpidos o que est\u00e9n libres de errores, que los defectos sean corregidos, o que el servicio o el servidor que lo pone a su disposici\u00f3n est\u00e9n libre de virus u otros componentes nocivos, sin perjuicio de que GESTIMAX realiza sus mejores esfuerzos a evitar este tipo de incidentes. En caso de que el usuario tomara determinadas decisiones o realizara acciones en base a la informaci\u00f3n incluida en cualquier de los \u201cwebsites\u201d, se recomienda la comprobaci\u00f3n de la informaci\u00f3n recibida con otras fuentes.<\/p>\n<p><strong>PROPIEDAD INTELECTUAL E INDUSTRIAL, MARCAS REGISTRADAS<\/strong><\/p>\n<p>La estructura, dise\u00f1o y forma de presentaci\u00f3n de los elementos (gr\u00e1ficos, im\u00e1genes, ficheros logotipos, combinaciones de colores y cualquier elemento susceptible de protecci\u00f3n) est\u00e1n protegidos por derechos de propiedad intelectual, titularidad de GESTIMAX.<\/p>\n<p>Est\u00e1 prohibida la reproducci\u00f3n, la transformaci\u00f3n, la distribuci\u00f3n, la comunicaci\u00f3n p\u00fablica, y en general cualquier otra forma de explotaci\u00f3n, parcial o total de los elementos referidos en el apartado anterior. Estos actos de explotaci\u00f3n s\u00f3lo podr\u00e1n ser realizados en virtud de la autorizaci\u00f3n expresa de GESTIMAX y que, en todo caso, tendr\u00e1n que hacer referencia expl\u00edcita a la titularidad de los citados derechos de propiedad intelectual de GESTIMAX.<\/p>\n<p>S\u00f3lo est\u00e1 autorizado para el uso privado del material documental elaborado para GESTIMAX. En ning\u00fan caso, podr\u00e1 suprimir, alterar, eludir o manipular cualquier dispositivo de protecci\u00f3n o sistemas de seguridad que pueda estar instalado.<\/p>\n<p>Excepto autorizaci\u00f3n expresa de GESTIMAX no se permite el enlace a \u201cp\u00e1ginas finales\u201d, el \u201cframe\u201d y cualquier otra manipulaci\u00f3n similar. Los enlaces tienen que ser siempre en la p\u00e1gina principal o \u201chome page\u201d de gestimax.net.<\/p>\n<p>Los signos distintivos (marcas, nombres comerciales) de GESTIMAX est\u00e1n protegidos por derechos de propiedad industrial, quedando prohibida la utilizaci\u00f3n o manipulaci\u00f3n de cualquiera de \u00e9stos, excepto autorizaci\u00f3n expresa y por escrito de GESTIMAX.<\/p>\n","protected":false},"excerpt":{"rendered":"<p>AVISO LEGAL DATOS IDENTIFICATIVOS DEL PRESTADOR DE SERVICIOS DE LA SOCIEDAD DE LA INFORMACI\u00d3N De conformidad con el art\u00edculo 10 de la Ley 34\/2002, de 11 de julio, de \u201cServicios de la Sociedad de la Informaci\u00f3n y Comercio Electr\u00f3nico (LSSI)\u201d, ponemos en su conocimiento la siguiente informaci\u00f3n: ASSESSORS EMPRESARIALS GESTIMAX, S.L., [de ahora en adelante [&hellip;]<\/p>\n","protected":false},"author":1,"featured_media":0,"parent":0,"menu_order":0,"comment_status":"closed","ping_status":"closed","template":"","meta":[],"_links":{"self":[{"href":"https:\/\/www.gestimax.net\/es\/wp-json\/wp\/v2\/pages\/10980"}],"collection":[{"href":"https:\/\/www.gestimax.net\/es\/wp-json\/wp\/v2\/pages"}],"about":[{"href":"https:\/\/www.gestimax.net\/es\/wp-json\/wp\/v2\/types\/page"}],"author":[{"embeddable":true,"href":"https:\/\/www.gestimax.net\/es\/wp-json\/wp\/v2\/users\/1"}],"replies":[{"embeddable":true,"href":"https:\/\/www.gestimax.net\/es\/wp-json\/wp\/v2\/comments?post=10980"}],"version-history":[{"count":13,"href":"https:\/\/www.gestimax.net\/es\/wp-json\/wp\/v2\/pages\/10980\/revisions"}],"predecessor-version":[{"id":11342,"href":"https:\/\/www.gestimax.net\/es\/wp-json\/wp\/v2\/pages\/10980\/revisions\/11342"}],"wp:attachment":[{"href":"https:\/\/www.gestimax.net\/es\/wp-json\/wp\/v2\/media?parent=10980"}],"curies":[{"name":"wp","href":"https:\/\/api.w.org\/{rel}","templated":true}]}}