{"id":11237,"date":"2019-12-09T23:28:53","date_gmt":"2019-12-09T22:28:53","guid":{"rendered":"https:\/\/www.gestimax.net\/es\/?page_id=11237"},"modified":"2021-10-14T20:06:17","modified_gmt":"2021-10-14T18:06:17","slug":"informacion-adicional","status":"publish","type":"page","link":"https:\/\/www.gestimax.net\/es\/informacion-adicional\/","title":{"rendered":"Informaci\u00f3n Adicional"},"content":{"rendered":"<p><strong>PROTECCI\u00d3N DE DATOS PERSONALES (Informaci\u00f3n adicional)<\/strong><\/p>\n<p><strong>A. Responsable del tratamiento<\/strong><\/p>\n<p>ASSESSORS EMPRESARIALS GESTIMAX, S.L.<br \/>\nPlaza Gandhi, 1 Local 4 &#8211; 43202 REUS<br \/>\nB43697317<br \/>\n977 32 83 49<\/p>\n<p><strong>B. Finalidades del tratamiento<\/strong><\/p>\n<p>Las finalidades que constan identificadas en el Registro de actividades de tratamiento de la empresa y en las cl\u00e1usulas de consentimiento a pie de p\u00e1gina de cada formulario, siendo espec\u00edficas para la finalidad que se detalla en la recogida.<\/p>\n<p>La previsi\u00f3n legal que obliga a conservarlos por razones fiscales y contables, y a ponerlos a disposici\u00f3n de una entidad p\u00fablica competente. No obstante, podr\u00e1n conservarse m\u00e1s tiempo con fines de archivo<br \/>\nhist\u00f3rico o estad\u00edstico, salvo que se ejerza oposici\u00f3n y\/o cancelaci\u00f3n.<\/p>\n<p><strong>C. Destinatarios<\/strong><\/p>\n<p>No se ceder\u00e1n datos a terceros excepto por obligaci\u00f3n legal o inter\u00e9s contractual.<\/p>\n<p>No se prev\u00e9 ninguna cesi\u00f3n, excepto por previsi\u00f3n legal.<br \/>\nDe conformidad a la base jur\u00eddica del tratamiento, en casos de obligaci\u00f3n legal, inter\u00e9s p\u00fablico, inter\u00e9s leg\u00edtimo, inter\u00e9s contractual y del consentimiento del interesado o de su representante legal.<\/p>\n<p>Movimientos internacionales de datos: Si se producen.<\/p>\n<p>Transferencias internacionales de datos: No se producen.<\/p>\n<p>Encargados de tratamiento Los datos podr\u00e1n ser cedidos a proveedores con acceso a datos, con quienes se formalizan las obligaciones y responsabilidades que asumen en el tratamiento de los datos, en calidad de Encargado de Tratamiento.<\/p>\n<p><strong>D. Derechos de las personas interesadas<\/strong><\/p>\n<p>Cualquier persona tiene derecho a obtener confirmaci\u00f3n sobre el tratamiento de sus datos personales.<br \/>\nLas personas interesadas tienen derecho a acceder a sus datos personales, as\u00ed como a solicitar la rectificaci\u00f3n de los datos inexactos, en su caso a solicitar su supresi\u00f3n cuando, entre otros motivos los datos ya no sean necesarios para los fines que fueron recogidos.<br \/>\nEn determinadas circunstancias, los interesados podr\u00e1n solicitar la limitaci\u00f3n del tratamiento de sus datos, en cuyo caso \u00fanicamente los conservaremos para el ejercicio o la defensa de reclamaciones.<br \/>\nEn determinadas circunstancias y por motivos particulares, los interesados podr\u00e1n oponerse al tratamiento de sus datos, siendo este un motivo suficiente para cesar el tratamiento, salvo por motivos leg\u00edtimos o por el ejercicio o defensa de posibles reclamaciones.<\/p>\n<p>Para ejercitar los derechos deber\u00e1 presentar un escrito en la direcci\u00f3n arriba se\u00f1alada o enviar un comunicado al correo electr\u00f3nico informacion@gestimax.net. Deber\u00e1 especificar qu\u00e9 derecho solicita le sea satisfecho y, a su vez, deber\u00e1 acompa\u00f1arlo de la fotocopia del DNI o documento identificativo equivalente. En caso de que actuara mediante representante legal o voluntario, deber\u00e1 aportar tambi\u00e9n documento que acredite la representaci\u00f3n y el documento identificativo del mismo.<br \/>\nSi quiere disponer de un modelo para ello podr\u00e1 utilizar un modelo oficial de la AEPD: http:\/\/www.aepd.es<\/p>\n<p>Asimismo, le informamos de que cuando no haya obtenido satisfacci\u00f3n en el ejercicio de sus derechos o la forma de ejercerlos podr\u00e1 presentar una reclamaci\u00f3n ante la Autoridad de Control. Si quiere conocer m\u00e1s informaci\u00f3n sobre este derecho y como ejercerlo puede dirigirse a la AEPD: http:\/\/www.aepd.es\/ Tel. 901 100 099 y 91.266.35.17. C\/Jorge Juan, 6 &#8211; 28001 Madrid<\/p>\n","protected":false},"excerpt":{"rendered":"<p>PROTECCI\u00d3N DE DATOS PERSONALES (Informaci\u00f3n adicional) A. Responsable del tratamiento ASSESSORS EMPRESARIALS GESTIMAX, S.L. Plaza Gandhi, 1 Local 4 &#8211; 43202 REUS B43697317 977 32 83 49 B. Finalidades del tratamiento Las finalidades que constan identificadas en el Registro de actividades de tratamiento de la empresa y en las cl\u00e1usulas de consentimiento a pie de [&hellip;]<\/p>\n","protected":false},"author":1,"featured_media":0,"parent":0,"menu_order":0,"comment_status":"closed","ping_status":"closed","template":"","meta":[],"_links":{"self":[{"href":"https:\/\/www.gestimax.net\/es\/wp-json\/wp\/v2\/pages\/11237"}],"collection":[{"href":"https:\/\/www.gestimax.net\/es\/wp-json\/wp\/v2\/pages"}],"about":[{"href":"https:\/\/www.gestimax.net\/es\/wp-json\/wp\/v2\/types\/page"}],"author":[{"embeddable":true,"href":"https:\/\/www.gestimax.net\/es\/wp-json\/wp\/v2\/users\/1"}],"replies":[{"embeddable":true,"href":"https:\/\/www.gestimax.net\/es\/wp-json\/wp\/v2\/comments?post=11237"}],"version-history":[{"count":12,"href":"https:\/\/www.gestimax.net\/es\/wp-json\/wp\/v2\/pages\/11237\/revisions"}],"predecessor-version":[{"id":11364,"href":"https:\/\/www.gestimax.net\/es\/wp-json\/wp\/v2\/pages\/11237\/revisions\/11364"}],"wp:attachment":[{"href":"https:\/\/www.gestimax.net\/es\/wp-json\/wp\/v2\/media?parent=11237"}],"curies":[{"name":"wp","href":"https:\/\/api.w.org\/{rel}","templated":true}]}}