{"id":5477,"date":"2015-07-15T10:51:10","date_gmt":"2015-07-15T10:51:10","guid":{"rendered":"http:\/\/olinia-data.thememountdemo.com\/?page_id=5477"},"modified":"2018-10-14T23:19:25","modified_gmt":"2018-10-14T21:19:25","slug":"nuestros-servicios","status":"publish","type":"page","link":"https:\/\/www.gestimax.net\/es\/nuestros-servicios\/","title":{"rendered":"NUESTROS SERVICIOS"},"content":{"rendered":"<p>[vc_row css=\u00bb.vc_custom_1455614389324{padding-bottom: 60px !important;}\u00bb][vc_column width=\u00bb1\/3&#8243;]<div class=\"tm-sbox tm-sbox-iconalign-top hvr-float-shadow     \">[vc_cta h2=\"Departamento LABORAL\"  h2_google_fonts=\"font_family:Arimo%3Aregular%2Citalic%2C700%2C700italic|font_style:700%20bold%20regular%3A700%3Anormal\"  h4_google_fonts=\"font_family:Lato%3A100%2C100italic%2C300%2C300italic%2Cregular%2Citalic%2C700%2C700italic%2C900%2C900italic|font_style:300%20light%20regular%3A300%3Anormal\"  txt_align=\"center\"  heading_sep=\"no\"  shape=\"none\"  style=\"transparent\"  color=\"grey\"  btn_title=\"Read More\"  btn_style=\"text\"  btn_gradient_color_1=\"turquoise\"  btn_gradient_color_2=\"blue\"  btn_custom_background=\"#ededed\"  btn_custom_text=\"#666\"  btn_outline_custom_color=\"#666\"  btn_outline_custom_hover_background=\"#666\"  btn_outline_custom_hover_text=\"#fff\"  btn_color=\"skincolor\"  btn_size=\"md\"  add_icon=\"top\"  hover=\"hvr-float-shadow\"  main_icon_type=\"icon\"  i_type=\"fontawesome\"  i_icon_fontawesome=\"fa fa-briefcase\"  i_icon_openiconic=\"vc-oi vc-oi-dial\"  i_icon_typicons=\"typcn typcn-adjust-brightness\"  i_icon_entypo=\"entypo-icon entypo-icon-note\"  i_icon_linecons=\"vc_li vc_li-heart\"  i_color=\"skincolor\"  i_background_style=\"rounded-outline\"  i_background_color=\"grey\"  i_size=\"lg\"  icon_type=\"icon\"  btn_align=\"center\"  i_css_animation=\"\" css_animation=\"\"]<\/p>\n<ul>\n<li style=\"text-align: left;\"><strong>Asesoramiento creaci\u00f3n de empresas:<\/strong>\n<ol>\n<li>Altas y bajas trabajadores<\/li>\n<li>Asesoramiento en contrataci\u00f3n laboral (tipos de contratos Adaptados al perfil que necesita, opci\u00f3n a\u00a0contratos bonificados, etc.)<\/li>\n<li>Incapacidad temporal<\/li>\n<\/ol>\n<\/li>\n<\/ul>\n<ul>\n<li style=\"text-align: left;\">Confecci\u00f3n de n\u00f3minas y liquidaciones<\/li>\n<li style=\"text-align: left;\">Fiscalidad laboral de la empresa (modelos 111, 190)<\/li>\n<li style=\"text-align: left;\">Aut\u00f3nomos (altas, bajas, variaciones)<\/li>\n<li style=\"text-align: left;\">Incapacidades permanentes (asesoramiento, solicitud, gesti\u00f3n, \u2026)<\/li>\n<li style=\"text-align: left;\">Consultas para trabajadores (amplio asesoramiento legal respecto a los derechos y obligaciones en relaci\u00f3n a su puesto de trabajo, antig\u00fcedad, categor\u00eda y convenio colectivo).<\/li>\n<li style=\"text-align: left;\">Conciliaciones<\/li>\n<li style=\"text-align: left;\">Tramitaci\u00f3n expedientes FOGASA<\/li>\n<li style=\"text-align: left;\">Estudio y asesoramiento pensiones jubilaci\u00f3n<\/li>\n<\/ul>\n<p>[\/vc_cta]<\/div>[\/vc_column][vc_column width=\u00bb1\/3&#8243;]<div class=\"tm-sbox tm-sbox-iconalign-top hvr-float-shadow     \">[vc_cta h2=\"Departamento FISCAL \/ CONTABLE \/ TRIBUTARIO\"  h2_google_fonts=\"font_family:Arimo%3Aregular%2Citalic%2C700%2C700italic|font_style:700%20bold%20regular%3A700%3Anormal\"  h4_google_fonts=\"font_family:Lato%3A100%2C100italic%2C300%2C300italic%2Cregular%2Citalic%2C700%2C700italic%2C900%2C900italic|font_style:300%20light%20regular%3A300%3Anormal\"  txt_align=\"center\"  heading_sep=\"no\"  shape=\"none\"  style=\"transparent\"  color=\"grey\"  btn_title=\"Read More\"  btn_style=\"text\"  btn_gradient_color_1=\"turquoise\"  btn_gradient_color_2=\"blue\"  btn_custom_background=\"#ededed\"  btn_custom_text=\"#666\"  btn_outline_custom_color=\"#666\"  btn_outline_custom_hover_background=\"#666\"  btn_outline_custom_hover_text=\"#fff\"  btn_color=\"skincolor\"  btn_size=\"md\"  add_icon=\"top\"  hover=\"hvr-float-shadow\"  main_icon_type=\"icon\"  i_type=\"fontawesome\"  i_icon_fontawesome=\"fa fa-book\"  i_icon_openiconic=\"vc-oi vc-oi-dial\"  i_icon_typicons=\"typcn typcn-adjust-brightness\"  i_icon_entypo=\"entypo-icon entypo-icon-note\"  i_icon_linecons=\"vc_li vc_li-heart\"  i_color=\"skincolor\"  i_background_style=\"boxed-outline\"  i_background_color=\"grey\"  i_size=\"lg\"  icon_type=\"icon\"  btn_align=\"center\"  i_css_animation=\"\" css_animation=\"\"]<\/p>\n<ul>\n<li style=\"text-align: left;\">Asesoramiento en temas societarios<\/li>\n<li style=\"text-align: left;\">Constituci\u00f3n y disoluci\u00f3n sociedades civiles, mercantiles, asociaciones, \u2026<\/li>\n<li style=\"text-align: left;\">Modificaciones estatutos sociedades (pactos entre socios, acuerdos, compraventa participaciones, entre otros)<\/li>\n<li style=\"text-align: left;\">Asesoramiento arrendamientos<\/li>\n<li style=\"text-align: left;\">Confecci\u00f3n contabilidades Plan General Contable, cuentas anuales, impuestos de sociedades<\/li>\n<li style=\"text-align: left;\">Confecci\u00f3n y presentaci\u00f3n modelos fiscales ante Hacienda (115, 303, 130, 390, 190, 347, etc.)<\/li>\n<li style=\"text-align: left;\">Confecci\u00f3n Declaraciones de Renta<\/li>\n<li style=\"text-align: left;\">Asesoramiento operaciones compra venta inmuebles, afectaci\u00f3n en Renta, etc.<\/li>\n<li style=\"text-align: left;\">Contabilidades simplificadas de persona f\u00edsica y estimaci\u00f3n objetiva<\/li>\n<\/ul>\n<p>[\/vc_cta]<\/div>[\/vc_column][vc_column width=\u00bb1\/3&#8243;]<div class=\"tm-sbox tm-sbox-iconalign-top hvr-float-shadow     \">[vc_cta h2=\"Departamento JUR\u00cdDICO\"  h2_google_fonts=\"font_family:Arimo%3Aregular%2Citalic%2C700%2C700italic|font_style:700%20bold%20regular%3A700%3Anormal\"  h4_google_fonts=\"font_family:Lato%3A100%2C100italic%2C300%2C300italic%2Cregular%2Citalic%2C700%2C700italic%2C900%2C900italic|font_style:300%20light%20regular%3A300%3Anormal\"  txt_align=\"center\"  heading_sep=\"no\"  shape=\"none\"  style=\"transparent\"  color=\"grey\"  btn_title=\"Read More\"  btn_style=\"text\"  btn_gradient_color_1=\"turquoise\"  btn_gradient_color_2=\"blue\"  btn_custom_background=\"#ededed\"  btn_custom_text=\"#666\"  btn_outline_custom_color=\"#666\"  btn_outline_custom_hover_background=\"#666\"  btn_outline_custom_hover_text=\"#fff\"  btn_color=\"skincolor\"  btn_size=\"md\"  add_icon=\"top\"  hover=\"hvr-float-shadow\"  main_icon_type=\"icon\"  i_type=\"fontawesome\"  i_icon_fontawesome=\"fa fa-gavel\"  i_icon_openiconic=\"vc-oi vc-oi-dial\"  i_icon_typicons=\"typcn typcn-adjust-brightness\"  i_icon_entypo=\"entypo-icon entypo-icon-note\"  i_icon_linecons=\"vc_li vc_li-heart\"  i_color=\"skincolor\"  i_background_style=\"rounded-outline\"  i_background_color=\"grey\"  i_size=\"lg\"  icon_type=\"icon\"  btn_align=\"center\"  i_css_animation=\"\" css_animation=\"\"]<\/p>\n<ul>\n<li style=\"text-align: left;\">Jur\u00eddico laboral: despidos, reclamaci\u00f3n incapacidades, jubilaci\u00f3n.<\/li>\n<li style=\"text-align: left;\">Operaciones de constituci\u00f3n de sociedades y de reestructuraci\u00f3n empresarial.<\/li>\n<li style=\"text-align: left;\">Constituci\u00f3n de sociedades mercantiles y profesionales.<\/li>\n<li style=\"text-align: left;\">Asesoramiento legal y preparaci\u00f3n de informes, documentaci\u00f3n y tramitaci\u00f3n en materia de retribuci\u00f3n de administradores.<\/li>\n<li style=\"text-align: left;\">Redacci\u00f3n y revisi\u00f3n de contratos.<\/li>\n<li style=\"text-align: left;\">Asesoramiento legal en la constituci\u00f3n y regulaci\u00f3n de asociaciones y clubs<\/li>\n<li style=\"text-align: left;\">Revisi\u00f3n legal de condiciones generales de contrataci\u00f3n.<\/li>\n<li style=\"text-align: left;\">Asesoramiento, preparaci\u00f3n y elaboraci\u00f3n de contratos de pr\u00e9stamo, arrendamiento, <strong>compraventa<\/strong>, arras y prestaci\u00f3n de servicios.<\/li>\n<li style=\"text-align: left;\">Asesoramiento, preparaci\u00f3n y tramitaci\u00f3n de <strong>herencias y donaciones<\/strong>.<\/li>\n<li style=\"text-align: left;\">Asesoramiento\u00a0y asistencia a juicio en materia de incapacitaci\u00f3n.<\/li>\n<li style=\"text-align: left;\">Asesoramiento\u00a0y elaboraci\u00f3n demandas por reclamaci\u00f3n de cuant\u00eda.<\/li>\n<li style=\"text-align: left;\">Asesoramiento\u00a0y tramitaci\u00f3n de licencias y autorizaciones administrativas.<\/li>\n<\/ul>\n<p>[\/vc_cta]<\/div>[\/vc_column][\/vc_row]<\/p>\n","protected":false},"excerpt":{"rendered":"<p>[vc_row css=\u00bb.vc_custom_1455614389324{padding-bottom: 60px !important;}\u00bb][vc_column width=\u00bb1\/3&#8243;][\/vc_column][vc_column width=\u00bb1\/3&#8243;][\/vc_column][vc_column width=\u00bb1\/3&#8243;][\/vc_column][\/vc_row]<\/p>\n","protected":false},"author":1,"featured_media":0,"parent":0,"menu_order":50,"comment_status":"closed","ping_status":"open","template":"","meta":[],"_links":{"self":[{"href":"https:\/\/www.gestimax.net\/es\/wp-json\/wp\/v2\/pages\/5477"}],"collection":[{"href":"https:\/\/www.gestimax.net\/es\/wp-json\/wp\/v2\/pages"}],"about":[{"href":"https:\/\/www.gestimax.net\/es\/wp-json\/wp\/v2\/types\/page"}],"author":[{"embeddable":true,"href":"https:\/\/www.gestimax.net\/es\/wp-json\/wp\/v2\/users\/1"}],"replies":[{"embeddable":true,"href":"https:\/\/www.gestimax.net\/es\/wp-json\/wp\/v2\/comments?post=5477"}],"version-history":[{"count":8,"href":"https:\/\/www.gestimax.net\/es\/wp-json\/wp\/v2\/pages\/5477\/revisions"}],"predecessor-version":[{"id":11154,"href":"https:\/\/www.gestimax.net\/es\/wp-json\/wp\/v2\/pages\/5477\/revisions\/11154"}],"wp:attachment":[{"href":"https:\/\/www.gestimax.net\/es\/wp-json\/wp\/v2\/media?parent=5477"}],"curies":[{"name":"wp","href":"https:\/\/api.w.org\/{rel}","templated":true}]}}